{"id":6,"date":"2023-05-21T22:50:12","date_gmt":"2023-05-21T20:50:12","guid":{"rendered":"http:\/\/streetfish.be\/?page_id=6"},"modified":"2023-11-14T15:17:03","modified_gmt":"2023-11-14T14:17:03","slug":"beaux-portfolios-pour-des-creatifs-exceptionnels","status":"publish","type":"page","link":"https:\/\/streetfish.be\/","title":{"rendered":"Concernant le championnat de Belgique de Streetfishing pour le championnat du monde."},"content":{"rendered":"\n<p><meta charset=\"utf-8\"><\/meta><\/p>\n\n\n\n<figure class=\"wp-block-image size-full\"><img loading=\"lazy\" decoding=\"async\" width=\"1024\" height=\"1024\" src=\"https:\/\/streetfish.be\/wp-content\/uploads\/2023\/11\/cyaread_un_clown_qui_fait_du_streetfishing_7a26fe23-e843-41cb-9f1a-9f0f64c791ea.png\" alt=\"\" class=\"wp-image-65\" srcset=\"https:\/\/streetfish.be\/wp-content\/uploads\/2023\/11\/cyaread_un_clown_qui_fait_du_streetfishing_7a26fe23-e843-41cb-9f1a-9f0f64c791ea.png 1024w, https:\/\/streetfish.be\/wp-content\/uploads\/2023\/11\/cyaread_un_clown_qui_fait_du_streetfishing_7a26fe23-e843-41cb-9f1a-9f0f64c791ea-300x300.png 300w, https:\/\/streetfish.be\/wp-content\/uploads\/2023\/11\/cyaread_un_clown_qui_fait_du_streetfishing_7a26fe23-e843-41cb-9f1a-9f0f64c791ea-150x150.png 150w, https:\/\/streetfish.be\/wp-content\/uploads\/2023\/11\/cyaread_un_clown_qui_fait_du_streetfishing_7a26fe23-e843-41cb-9f1a-9f0f64c791ea-768x768.png 768w\" sizes=\"auto, (max-width: 1024px) 100vw, 1024px\" \/><\/figure>\n\n\n\n<p>Chers passionn\u00e9s de streetfishing,<\/p>\n\n\n\n<p>C&#8217;est avec frustration que je vous annonce la fin de la mise \u00e0 jour du site d\u00e9di\u00e9 au championnat de Belgique de streetfishing. Apr\u00e8s m\u00fbre r\u00e9flexion, cette d\u00e9cision s&#8217;impose. Il est crucial de vous expliquer les raisons de cette cl\u00f4ture.<\/p>\n\n\n\n<p>Ce site visait \u00e0 partager la passion du streetfishing et \u00e0 promouvoir un environnement comp\u00e9titif sain et \u00e9quitable. Malheureusement, en dehors de cette plateforme, rien n&#8217;a \u00e9t\u00e9 conforme \u00e0 ces principes.<\/p>\n\n\n\n<p>Les diff\u00e9rences flagrantes entre le r\u00e8glement des tournois belges et celui du championnat du monde ont sem\u00e9 la confusion et l&#8217;injustice parmi les participants.<\/p>\n\n\n\n<p>Les comp\u00e9titions belges ont \u00e9t\u00e9 entach\u00e9es par des dysfonctionnements qui ont gravement alt\u00e9r\u00e9 l&#8217;exp\u00e9rience des p\u00eacheurs. <\/p>\n\n\n\n<p>De plus, l&#8217;organisation a fait preuve d&#8217;un manque d&#8217;engagement financier flagrant, laissant aux participants la lourde charge de toutes les d\u00e9penses, y compris pour le championnat du monde \u00e0 l&#8217;origine, ce qui n&#8217;\u00e9tait pas annonc\u00e9 AVANT le d\u00e9but de la comp\u00e9tition. De plus, l&#8217;application anglaise pour enregistrer les poissons lors des championnats nationaux \u00e9tait totalement inadapt\u00e9e et encore une fois au frais du participant.<\/p>\n\n\n\n<p>Le refus cat\u00e9gorique de l&#8217;aide propos\u00e9e par les participants, ainsi que le manque d&#8217;informations en fran\u00e7ais, informations diffus\u00e9es de mani\u00e8re dispers\u00e9e sur des r\u00e9seaux sociaux personnel, ont renforc\u00e9 le chaos organisationnel.<\/p>\n\n\n\n<p> Ce site tentait de centraliser ces informations pour simplifier la participation, bien qu&#8217;il ait \u00e9t\u00e9 appr\u00e9ci\u00e9 par la plupart des participants francophones, il a \u00e9t\u00e9 rejet\u00e9 par l&#8217;organisation. Il \u00e9tait plus facile de continuer \u00e0 se plaindre en feignant le cot\u00e9 Roots et &#8220;home made&#8221; pour y piocher les excuses toutes faites afin de masquer les diff\u00e9rentes lacunes du \u00e0 de l&#8217;incomp\u00e9tence flagrante plut\u00f4t que de tenter de r\u00e9gler ce qui \u00e9tait pr\u00e9sent\u00e9 comme un faux probl\u00e8me.<\/p>\n\n\n\n<p>Le choix de l&#8217;\u00e9quipe belge pour le championnat du monde a \u00e9t\u00e9 entach\u00e9 de favoritisme, loin de toute logique sportive, ternissant ainsi notre repr\u00e9sentation internationale, nos participants se retrouvant en queue de classement avec un score de z\u00e9ro poisson sorti.<\/p>\n\n\n\n<p>Ces lacunes ont cr\u00e9\u00e9 une situation injuste pour la communaut\u00e9 du streetfishing, \u00e9loignant compl\u00e8tement l&#8217;id\u00e9al d&#8217;une comp\u00e9tition \u00e9quitable et passionn\u00e9e.<\/p>\n\n\n\n<p>Reste une question cruciale : o\u00f9 \u00e9tait la F\u00e9d\u00e9ration sportive des P\u00eacheurs Francophones de Belgique pour assurer le respect des r\u00e8gles ? Des francophones bien class\u00e9s ont \u00e9t\u00e9 ignor\u00e9s au profit de crit\u00e8res totalement \u00e9trangers \u00e0 la comp\u00e9tition sportive (parler italien, pouvoir v\u00e9hiculer certains participants&#8230;), \u00e9rodant ainsi tout principe de fair-play.<\/p>\n\n\n\n<p>Cette question cruciale concernant la F\u00e9d\u00e9ration sportive soul\u00e8ve une interrogation l\u00e9gitime : pourquoi les f\u00e9d\u00e9rations officielles de p\u00eache assument elles autant de responsabilit\u00e9s alors qu&#8217;elles semblent cruellement d\u00e9pourvues de comp\u00e9tence dans les domaines qu&#8217;elles occupent ?<\/p>\n\n\n\n<p>Leur incapacit\u00e9 \u00e0 assurer un contr\u00f4le rigoureux et \u00e0 garantir des comp\u00e9titions justes et \u00e9quitables risque in\u00e9vitablement de miner la confiance que les gens ont en elles. Si les organismes cens\u00e9s r\u00e9guler et superviser ce type de comp\u00e9titions ne parviennent pas \u00e0 remplir ces fonctions de mani\u00e8re ad\u00e9quate, comment peuvent ils s&#8217;attendre \u00e0 ce que les participants aient foi en elles ?<\/p>\n\n\n\n<p>Cette absence de transparence et de rigueur dans les choix des repr\u00e9sentants pour des comp\u00e9titions internationales d\u00e9montre un dysfonctionnement alarmant au sein de cette organisation mais aussi de ces f\u00e9d\u00e9rations. En effet, lorsque des crit\u00e8res discutables et non li\u00e9s \u00e0 la performance sportive sont privil\u00e9gi\u00e9s, cela remet en question l&#8217;int\u00e9grit\u00e9 m\u00eame de ces instances r\u00e9gulatrices.<\/p>\n\n\n\n<p>Il est crucial que les f\u00e9d\u00e9rations sportives assument leur responsabilit\u00e9 et prennent des mesures concr\u00e8tes pour rem\u00e9dier \u00e0 ces lacunes. Sans une remise en question s\u00e9rieuse et des actions visant \u00e0 r\u00e9tablir la confiance et la cr\u00e9dibilit\u00e9, le risque est grand que la communaut\u00e9 sportive perde toute foi en ces organismes.<\/p>\n\n\n\n<p>Il est temps que les f\u00e9d\u00e9rations officielles prennent conscience de l&#8217;impact de leurs d\u00e9cisions sur la confiance des participants et de la n\u00e9cessit\u00e9 absolue de restaurer cette confiance par des actions <strong>tangibles et transparentes<\/strong>.<\/p>\n\n\n\n<p><\/p>\n\n\n\n<div style=\"height:55px\" aria-hidden=\"true\" class=\"wp-block-spacer\"><\/div>\n\n\n\n<div class=\"wp-block-group alignfull has-background\" style=\"background-color:#e5e9ec\"><div class=\"wp-block-group__inner-container is-layout-flow wp-block-group-is-layout-flow\">\n<div class=\"wp-block-columns is-layout-flex wp-container-core-columns-is-layout-9d6595d7 wp-block-columns-is-layout-flex\">\n<div class=\"wp-block-column is-vertically-aligned-center is-layout-flow wp-block-column-is-layout-flow\"><\/div>\n\n\n\n<div class=\"wp-block-column is-layout-flow wp-block-column-is-layout-flow\">\n<div style=\"height:48px\" aria-hidden=\"true\" class=\"wp-block-spacer\"><\/div>\n<\/div>\n<\/div>\n<\/div><\/div>\n\n\n\n<div class=\"wp-block-group alignfull\"><div class=\"wp-block-group__inner-container is-layout-flow wp-block-group-is-layout-flow\">\n<div class=\"wp-block-columns are-vertically-aligned-center is-layout-flex wp-container-core-columns-is-layout-9d6595d7 wp-block-columns-is-layout-flex\">\n<div class=\"wp-block-column is-vertically-aligned-center is-layout-flow wp-block-column-is-layout-flow\">\n<div style=\"height:48px\" aria-hidden=\"true\" class=\"wp-block-spacer\"><\/div>\n\n\n\n<figure class=\"wp-block-image size-full is-resized\"><img loading=\"lazy\" decoding=\"async\" width=\"1024\" height=\"1024\" src=\"http:\/\/streetfish.be\/wp-content\/uploads\/2023\/05\/Cya_Fractalpunk_fish_android_made_of_electronic_parts_in_a_dark_97aa0360-b7e8-403f-935e-ed3577c28fad.png\" alt=\"\" class=\"wp-image-39\" style=\"width:406px;height:406px\" srcset=\"https:\/\/streetfish.be\/wp-content\/uploads\/2023\/05\/Cya_Fractalpunk_fish_android_made_of_electronic_parts_in_a_dark_97aa0360-b7e8-403f-935e-ed3577c28fad.png 1024w, https:\/\/streetfish.be\/wp-content\/uploads\/2023\/05\/Cya_Fractalpunk_fish_android_made_of_electronic_parts_in_a_dark_97aa0360-b7e8-403f-935e-ed3577c28fad-300x300.png 300w, https:\/\/streetfish.be\/wp-content\/uploads\/2023\/05\/Cya_Fractalpunk_fish_android_made_of_electronic_parts_in_a_dark_97aa0360-b7e8-403f-935e-ed3577c28fad-150x150.png 150w, https:\/\/streetfish.be\/wp-content\/uploads\/2023\/05\/Cya_Fractalpunk_fish_android_made_of_electronic_parts_in_a_dark_97aa0360-b7e8-403f-935e-ed3577c28fad-768x768.png 768w\" sizes=\"auto, (max-width: 1024px) 100vw, 1024px\" \/><\/figure>\n<\/div>\n\n\n\n<div class=\"wp-block-column is-vertically-aligned-center is-layout-flow wp-block-column-is-layout-flow\">\n<h2 class=\"wp-block-heading\">A quoi sert ce site?<\/h2>\n\n\n\n<p>A avoir les bonnes informations, de mani\u00e8re directe et pr\u00e9cise sans fioriture et sans chercher.<\/p>\n<\/div>\n<\/div>\n<\/div><\/div>\n","protected":false},"excerpt":{"rendered":"<p>Chers passionn\u00e9s de streetfishing, C&#8217;est avec frustration que je vous annonce la fin de la mise \u00e0 jour du site d\u00e9di\u00e9 au championnat de Belgique de streetfishing. Apr\u00e8s m\u00fbre r\u00e9flexion, cette d\u00e9cision s&#8217;impose. Il est crucial de vous expliquer les raisons de cette cl\u00f4ture. Ce site visait \u00e0 partager la passion du streetfishing et \u00e0 &hellip; <\/p>\n<p class=\"link-more\"><a href=\"https:\/\/streetfish.be\/\" class=\"more-link\">Read more<span class=\"screen-reader-text\"> &#8220;Concernant le championnat de Belgique de Streetfishing pour le championnat du monde.&#8221;<\/span><\/a><\/p>\n","protected":false},"author":1,"featured_media":5,"parent":0,"menu_order":0,"comment_status":"closed","ping_status":"closed","template":"","meta":{"footnotes":""},"class_list":["post-6","page","type-page","status-publish","has-post-thumbnail","hentry"],"_links":{"self":[{"href":"https:\/\/streetfish.be\/index.php\/wp-json\/wp\/v2\/pages\/6","targetHints":{"allow":["GET"]}}],"collection":[{"href":"https:\/\/streetfish.be\/index.php\/wp-json\/wp\/v2\/pages"}],"about":[{"href":"https:\/\/streetfish.be\/index.php\/wp-json\/wp\/v2\/types\/page"}],"author":[{"embeddable":true,"href":"https:\/\/streetfish.be\/index.php\/wp-json\/wp\/v2\/users\/1"}],"replies":[{"embeddable":true,"href":"https:\/\/streetfish.be\/index.php\/wp-json\/wp\/v2\/comments?post=6"}],"version-history":[{"count":9,"href":"https:\/\/streetfish.be\/index.php\/wp-json\/wp\/v2\/pages\/6\/revisions"}],"predecessor-version":[{"id":70,"href":"https:\/\/streetfish.be\/index.php\/wp-json\/wp\/v2\/pages\/6\/revisions\/70"}],"wp:featuredmedia":[{"embeddable":true,"href":"https:\/\/streetfish.be\/index.php\/wp-json\/wp\/v2\/media\/5"}],"wp:attachment":[{"href":"https:\/\/streetfish.be\/index.php\/wp-json\/wp\/v2\/media?parent=6"}],"curies":[{"name":"wp","href":"https:\/\/api.w.org\/{rel}","templated":true}]}}